{"id":581,"date":"2025-08-21T20:17:17","date_gmt":"2025-08-21T20:17:17","guid":{"rendered":"https:\/\/somosalpu.org\/?page_id=581"},"modified":"2026-03-02T19:38:47","modified_gmt":"2026-03-02T19:38:47","slug":"mesa-urbana-situacion-urbana","status":"publish","type":"page","link":"https:\/\/somosalpu.org\/index.php\/mesa-urbana-situacion-urbana\/","title":{"rendered":"Mesa Urbana Situaci\u00f3n urbana"},"content":{"rendered":"\t\t<div data-elementor-type=\"wp-page\" data-elementor-id=\"581\" class=\"elementor elementor-581\" data-elementor-settings=\"{&quot;ha_cmc_init_switcher&quot;:&quot;no&quot;}\" data-elementor-post-type=\"page\">\n\t\t\t\t<div class=\"elementor-element elementor-element-48469aee e-flex e-con-boxed e-con e-parent\" data-id=\"48469aee\" data-element_type=\"container\" data-e-type=\"container\" data-settings=\"{&quot;background_background&quot;:&quot;classic&quot;,&quot;_ha_eqh_enable&quot;:false}\">\n\t\t\t\t\t<div class=\"e-con-inner\">\n\t\t\t\t<div class=\"elementor-element elementor-element-1733a231 elementor-widget elementor-widget-heading\" data-id=\"1733a231\" data-element_type=\"widget\" data-e-type=\"widget\" data-widget_type=\"heading.default\">\n\t\t\t\t\t<h2 class=\"elementor-heading-title elementor-size-default\">Mesa Urbana de Latinoamericana N\u00b0 2:<br>\nLos instrumentos de gesti\u00f3n de suelo y financiaci\u00f3n urbana en la regi\u00f3n\n<\/h2>\t\t\t\t<\/div>\n\t\t\t\t<div class=\"elementor-element elementor-element-ca7df9 elementor-widget elementor-widget-text-editor\" data-id=\"ca7df9\" data-element_type=\"widget\" data-e-type=\"widget\" data-widget_type=\"text-editor.default\">\n\t\t\t\t\t\t\t\t\t<p>El evento tuvo lugar el 22 de julio.<\/p><p>Se realiz\u00f3 el segundo encuentro con especialistas en ordenamiento territorial y planificaci\u00f3n urbana.<\/p>\t\t\t\t\t\t\t\t<\/div>\n\t\t\t\t<div class=\"elementor-element elementor-element-752c7469 elementor-widget elementor-widget-image\" data-id=\"752c7469\" data-element_type=\"widget\" data-e-type=\"widget\" data-widget_type=\"image.default\">\n\t\t\t\t\t\t\t\t\t\t\t\t\t\t\t<img fetchpriority=\"high\" decoding=\"async\" width=\"479\" height=\"265\" src=\"https:\/\/somosalpu.org\/wp-content\/uploads\/2025\/08\/Evento2.png\" class=\"elementor-animation-grow attachment-2048x2048 size-2048x2048 wp-image-583\" alt=\"\" srcset=\"https:\/\/somosalpu.org\/wp-content\/uploads\/2025\/08\/Evento2.png 479w, https:\/\/somosalpu.org\/wp-content\/uploads\/2025\/08\/Evento2-300x166.png 300w\" sizes=\"(max-width: 479px) 100vw, 479px\" \/>\t\t\t\t\t\t\t\t\t\t\t\t\t\t\t<\/div>\n\t\t\t\t<div class=\"elementor-element elementor-element-2aac25d0 elementor-widget elementor-widget-heading\" data-id=\"2aac25d0\" data-element_type=\"widget\" data-e-type=\"widget\" data-widget_type=\"heading.default\">\n\t\t\t\t\t<h2 class=\"elementor-heading-title elementor-size-default\">Hora y lugar<\/h2>\t\t\t\t<\/div>\n\t\t\t\t<div class=\"elementor-element elementor-element-4385f63a elementor-widget elementor-widget-text-editor\" data-id=\"4385f63a\" data-element_type=\"widget\" data-e-type=\"widget\" data-widget_type=\"text-editor.default\">\n\t\t\t\t\t\t\t\t\t<p>El evento tuvo lugar el 22 de julio.<br \/><a class=\"bolivia\" href=\"https:\/\/www.youtube.com\/@institutobolivianodeurbani2010\">@institutoboliviano<\/a><\/p>\t\t\t\t\t\t\t\t<\/div>\n\t\t\t\t<div class=\"elementor-element elementor-element-60a3118e elementor-widget elementor-widget-heading\" data-id=\"60a3118e\" data-element_type=\"widget\" data-e-type=\"widget\" data-widget_type=\"heading.default\">\n\t\t\t\t\t<h2 class=\"elementor-heading-title elementor-size-default\">Acerca del evento<\/h2>\t\t\t\t<\/div>\n\t\t\t\t<div class=\"elementor-element elementor-element-c8ef3c8 elementor-widget elementor-widget-text-editor\" data-id=\"c8ef3c8\" data-element_type=\"widget\" data-e-type=\"widget\" data-widget_type=\"text-editor.default\">\n\t\t\t\t\t\t\t\t\t<p>Este encuentro tuvo la participaci\u00f3n de:<\/p><ul><li>Arturo Mejia &#8211; Ecuador<\/li><li>Silvana Cabrera &#8211; Uruguay<\/li><li>Augusto Pinto &#8211; Colombia<\/li><li>Daniel Montandon &#8211; Brasil<\/li><li>Jessica Martinez &#8211; Costa Rica<\/li><li>Juan Cabrera &#8211; Bolivia, quien moder\u00f3 el evento.<\/li><\/ul><p>La mesa discuti\u00f3 sobre las siguientes preguntas:<\/p><ul><li><b>\u00bfCu\u00e1l es el estado actual de implementaci\u00f3n de instrumentos de gesti\u00f3n del suelo y mecanismos de financiamiento urbano en los pa\u00edses de la regi\u00f3n?<\/b><\/li><li><b>\u00bfQu\u00e9 impacto han tenido los instrumentos de gesti\u00f3n del suelo y financiamiento en el desarrollo urbano de las ciudades, en comparaci\u00f3n con el per\u00edodo anterior a su implementaci\u00f3n?<\/b><\/li><li><b>\u00bfCu\u00e1les son los principales obst\u00e1culos para la implementaci\u00f3n efectiva de estos instrumentos y cu\u00e1les son sus perspectivas de consolidaci\u00f3n institucional?<\/b><\/li><\/ul><p>\u00a0<\/p><p>El presidente de la ALPU identific\u00f3 varios instrumentos de gesti\u00f3n y financiaci\u00f3n y los pa\u00edses que han logrados su implementaci\u00f3n como Colombia, Brasil, Uruguay y M\u00e9xico.\u00a0 Tambi\u00e9n se identificaron algunos datos sobre su implementaci\u00f3n en algunas de las ciudades de Brasil y en Canelones, Uruguay. En pa\u00edses como Ecuador, la legislaci\u00f3n es muy joven y si bien desde el 2016 al 2022 se ha logrado reglamentar una amplia gama de instrumentos en todo el pa\u00eds, no se han logrado los resultados esperados en su aplicaci\u00f3n. En pa\u00edses como Costa Roca desde principio del siglo 19 existe legislaci\u00f3n al respecto de la financiaci\u00f3n del ordenamiento, sin embargo los instrumentos no ha sido casi implementados.<\/p><p>Entonces, \u00bfD\u00f3nde est\u00e1n los obst\u00e1culos? Aqu\u00ed se encontraron varias coincidencias:<\/p><ul><li>El especulador no quiere ceder ganancias de su operaci\u00f3n<\/li><li>Los equipos t\u00e9cnicos, sobre todo en ciudades intermedias o peque\u00f1as, no tiene ofertas acad\u00e9micas que brinden sustento y apoyo en la tem\u00e1tica espec\u00edfica.<\/li><li>La comunicaci\u00f3n sobre este tipo de instrumentos no permite que se los vea como una soluci\u00f3n para el mejoramiento del ordenamiento y calidad de los espacios p\u00fablicos y la inversi\u00f3n en el bien com\u00fan.<\/li><li>En algunos pa\u00edses prima el inter\u00e9s privado por encima del inter\u00e9s p\u00fablico.<\/li><li>La sofisticaci\u00f3n versus la simplicidad de los instrumentos. Quiz\u00e1 con instrumentos m\u00e1s simples lograr\u00edamos mayor eficiencia y aplicaci\u00f3n.<\/li><li>No haber logrado que la poblaci\u00f3n en general entienda y visualice que \u00e9stas herramientas redundan en la mejora de la calidad de vida.<\/li><\/ul><p>\u00a0<\/p><p>Adem\u00e1s, Juan realiz\u00f3 una \u00faltima pregunta, fuera del guion, m\u00e1s que interesante! No la contamos para que te sorprenda!! Puedes ver el evento completo en el canal de YOUTUBE del Instituto Bolivariano de Urbanismo \u2013 IBU, quienes colaboraron con la plataforma virtual.<\/p><p><em>#Urbanismo #Ciudadesjustas #instrumentosdefinanciaci\u00f3n #ForoUrbano #OrdenamientoTerritorial\u00a0 #Planificacion<\/em><\/p>\t\t\t\t\t\t\t\t<\/div>\n\t\t\t\t<div class=\"elementor-element elementor-element-6c972e9 elementor-widget elementor-widget-html\" data-id=\"6c972e9\" data-element_type=\"widget\" data-e-type=\"widget\" data-widget_type=\"html.default\">\n\t\t\t\t\t<iframe width=\"560\" height=\"315\" src=\"https:\/\/www.youtube.com\/embed\/ZY0KZthd-AA?si=5rhX2OvvZYEgxaxi\" title=\"YouTube video player\" frameborder=\"0\" allow=\"accelerometer; autoplay; clipboard-write; encrypted-media; gyroscope; picture-in-picture; web-share\" referrerpolicy=\"strict-origin-when-cross-origin\" allowfullscreen><\/iframe>\t\t\t\t<\/div>\n\t\t\t\t\t<\/div>\n\t\t\t\t<\/div>\n\t\t\t\t<\/div>\n\t\t","protected":false},"excerpt":{"rendered":"<p>Mesa Urbana de Latinoamericana N\u00b0 2: Los instrumentos de gesti\u00f3n de suelo y financiaci\u00f3n urbana en la regi\u00f3n El evento tuvo lugar el 22 de julio. Se realiz\u00f3 el segundo encuentro con especialistas en ordenamiento territorial y planificaci\u00f3n urbana. Hora y lugar El evento tuvo lugar el 22 de julio.@institutoboliviano Acerca del evento Este encuentro [&hellip;]<\/p>\n","protected":false},"author":1,"featured_media":0,"parent":0,"menu_order":0,"comment_status":"closed","ping_status":"closed","template":"","meta":{"footnotes":""},"class_list":["post-581","page","type-page","status-publish","hentry"],"yoast_head":"<!-- This site is optimized with the Yoast SEO plugin v27.4 - https:\/\/yoast.com\/product\/yoast-seo-wordpress\/ -->\n<title>Mesa Urbana Situaci\u00f3n urbana - Somos Alpu<\/title>\n<meta name=\"robots\" content=\"index, follow, max-snippet:-1, max-image-preview:large, max-video-preview:-1\" \/>\n<link rel=\"canonical\" href=\"https:\/\/somosalpu.org\/index.php\/mesa-urbana-situacion-urbana\/\" \/>\n<meta property=\"og:locale\" content=\"es_ES\" \/>\n<meta property=\"og:type\" content=\"article\" \/>\n<meta property=\"og:title\" content=\"Mesa Urbana Situaci\u00f3n urbana - Somos Alpu\" \/>\n<meta property=\"og:description\" content=\"Mesa Urbana de Latinoamericana N\u00b0 2: Los instrumentos de gesti\u00f3n de suelo y financiaci\u00f3n urbana en la regi\u00f3n El evento tuvo lugar el 22 de julio. Se realiz\u00f3 el segundo encuentro con especialistas en ordenamiento territorial y planificaci\u00f3n urbana. Hora y lugar El evento tuvo lugar el 22 de julio.@institutoboliviano Acerca del evento Este encuentro [&hellip;]\" \/>\n<meta property=\"og:url\" content=\"https:\/\/somosalpu.org\/index.php\/mesa-urbana-situacion-urbana\/\" \/>\n<meta property=\"og:site_name\" content=\"Somos Alpu\" \/>\n<meta property=\"article:modified_time\" content=\"2026-03-02T19:38:47+00:00\" \/>\n<meta property=\"og:image\" content=\"https:\/\/somosalpu.org\/wp-content\/uploads\/2025\/08\/Evento2.png\" \/>\n\t<meta property=\"og:image:width\" content=\"479\" \/>\n\t<meta property=\"og:image:height\" content=\"265\" \/>\n\t<meta property=\"og:image:type\" content=\"image\/png\" \/>\n<meta name=\"twitter:card\" content=\"summary_large_image\" \/>\n<meta name=\"twitter:label1\" content=\"Tiempo de lectura\" \/>\n\t<meta name=\"twitter:data1\" content=\"3 minutos\" \/>\n<script type=\"application\/ld+json\" class=\"yoast-schema-graph\">{\"@context\":\"https:\\\/\\\/schema.org\",\"@graph\":[{\"@type\":\"WebPage\",\"@id\":\"https:\\\/\\\/somosalpu.org\\\/index.php\\\/mesa-urbana-situacion-urbana\\\/\",\"url\":\"https:\\\/\\\/somosalpu.org\\\/index.php\\\/mesa-urbana-situacion-urbana\\\/\",\"name\":\"Mesa Urbana Situaci\u00f3n urbana - Somos Alpu\",\"isPartOf\":{\"@id\":\"https:\\\/\\\/somosalpu.org\\\/#website\"},\"primaryImageOfPage\":{\"@id\":\"https:\\\/\\\/somosalpu.org\\\/index.php\\\/mesa-urbana-situacion-urbana\\\/#primaryimage\"},\"image\":{\"@id\":\"https:\\\/\\\/somosalpu.org\\\/index.php\\\/mesa-urbana-situacion-urbana\\\/#primaryimage\"},\"thumbnailUrl\":\"https:\\\/\\\/somosalpu.org\\\/wp-content\\\/uploads\\\/2025\\\/08\\\/Evento2.png\",\"datePublished\":\"2025-08-21T20:17:17+00:00\",\"dateModified\":\"2026-03-02T19:38:47+00:00\",\"breadcrumb\":{\"@id\":\"https:\\\/\\\/somosalpu.org\\\/index.php\\\/mesa-urbana-situacion-urbana\\\/#breadcrumb\"},\"inLanguage\":\"es\",\"potentialAction\":[{\"@type\":\"ReadAction\",\"target\":[\"https:\\\/\\\/somosalpu.org\\\/index.php\\\/mesa-urbana-situacion-urbana\\\/\"]}]},{\"@type\":\"ImageObject\",\"inLanguage\":\"es\",\"@id\":\"https:\\\/\\\/somosalpu.org\\\/index.php\\\/mesa-urbana-situacion-urbana\\\/#primaryimage\",\"url\":\"https:\\\/\\\/somosalpu.org\\\/wp-content\\\/uploads\\\/2025\\\/08\\\/Evento2.png\",\"contentUrl\":\"https:\\\/\\\/somosalpu.org\\\/wp-content\\\/uploads\\\/2025\\\/08\\\/Evento2.png\",\"width\":479,\"height\":265},{\"@type\":\"BreadcrumbList\",\"@id\":\"https:\\\/\\\/somosalpu.org\\\/index.php\\\/mesa-urbana-situacion-urbana\\\/#breadcrumb\",\"itemListElement\":[{\"@type\":\"ListItem\",\"position\":1,\"name\":\"Portada\",\"item\":\"https:\\\/\\\/somosalpu.org\\\/\"},{\"@type\":\"ListItem\",\"position\":2,\"name\":\"Mesa Urbana Situaci\u00f3n urbana\"}]},{\"@type\":\"WebSite\",\"@id\":\"https:\\\/\\\/somosalpu.org\\\/#website\",\"url\":\"https:\\\/\\\/somosalpu.org\\\/\",\"name\":\"Somos Alpu\",\"description\":\"\",\"publisher\":{\"@id\":\"https:\\\/\\\/somosalpu.org\\\/#organization\"},\"potentialAction\":[{\"@type\":\"SearchAction\",\"target\":{\"@type\":\"EntryPoint\",\"urlTemplate\":\"https:\\\/\\\/somosalpu.org\\\/?s={search_term_string}\"},\"query-input\":{\"@type\":\"PropertyValueSpecification\",\"valueRequired\":true,\"valueName\":\"search_term_string\"}}],\"inLanguage\":\"es\"},{\"@type\":\"Organization\",\"@id\":\"https:\\\/\\\/somosalpu.org\\\/#organization\",\"name\":\"Somos Alpu\",\"url\":\"https:\\\/\\\/somosalpu.org\\\/\",\"logo\":{\"@type\":\"ImageObject\",\"inLanguage\":\"es\",\"@id\":\"https:\\\/\\\/somosalpu.org\\\/#\\\/schema\\\/logo\\\/image\\\/\",\"url\":\"https:\\\/\\\/somosalpu.org\\\/wp-content\\\/uploads\\\/2025\\\/07\\\/ALPU_Logo_blanco.png\",\"contentUrl\":\"https:\\\/\\\/somosalpu.org\\\/wp-content\\\/uploads\\\/2025\\\/07\\\/ALPU_Logo_blanco.png\",\"width\":296,\"height\":288,\"caption\":\"Somos Alpu\"},\"image\":{\"@id\":\"https:\\\/\\\/somosalpu.org\\\/#\\\/schema\\\/logo\\\/image\\\/\"}}]}<\/script>\n<!-- \/ Yoast SEO plugin. -->","yoast_head_json":{"title":"Mesa Urbana Situaci\u00f3n urbana - Somos Alpu","robots":{"index":"index","follow":"follow","max-snippet":"max-snippet:-1","max-image-preview":"max-image-preview:large","max-video-preview":"max-video-preview:-1"},"canonical":"https:\/\/somosalpu.org\/index.php\/mesa-urbana-situacion-urbana\/","og_locale":"es_ES","og_type":"article","og_title":"Mesa Urbana Situaci\u00f3n urbana - Somos Alpu","og_description":"Mesa Urbana de Latinoamericana N\u00b0 2: Los instrumentos de gesti\u00f3n de suelo y financiaci\u00f3n urbana en la regi\u00f3n El evento tuvo lugar el 22 de julio. Se realiz\u00f3 el segundo encuentro con especialistas en ordenamiento territorial y planificaci\u00f3n urbana. Hora y lugar El evento tuvo lugar el 22 de julio.@institutoboliviano Acerca del evento Este encuentro [&hellip;]","og_url":"https:\/\/somosalpu.org\/index.php\/mesa-urbana-situacion-urbana\/","og_site_name":"Somos Alpu","article_modified_time":"2026-03-02T19:38:47+00:00","og_image":[{"width":479,"height":265,"url":"https:\/\/somosalpu.org\/wp-content\/uploads\/2025\/08\/Evento2.png","type":"image\/png"}],"twitter_card":"summary_large_image","twitter_misc":{"Tiempo de lectura":"3 minutos"},"schema":{"@context":"https:\/\/schema.org","@graph":[{"@type":"WebPage","@id":"https:\/\/somosalpu.org\/index.php\/mesa-urbana-situacion-urbana\/","url":"https:\/\/somosalpu.org\/index.php\/mesa-urbana-situacion-urbana\/","name":"Mesa Urbana Situaci\u00f3n urbana - Somos Alpu","isPartOf":{"@id":"https:\/\/somosalpu.org\/#website"},"primaryImageOfPage":{"@id":"https:\/\/somosalpu.org\/index.php\/mesa-urbana-situacion-urbana\/#primaryimage"},"image":{"@id":"https:\/\/somosalpu.org\/index.php\/mesa-urbana-situacion-urbana\/#primaryimage"},"thumbnailUrl":"https:\/\/somosalpu.org\/wp-content\/uploads\/2025\/08\/Evento2.png","datePublished":"2025-08-21T20:17:17+00:00","dateModified":"2026-03-02T19:38:47+00:00","breadcrumb":{"@id":"https:\/\/somosalpu.org\/index.php\/mesa-urbana-situacion-urbana\/#breadcrumb"},"inLanguage":"es","potentialAction":[{"@type":"ReadAction","target":["https:\/\/somosalpu.org\/index.php\/mesa-urbana-situacion-urbana\/"]}]},{"@type":"ImageObject","inLanguage":"es","@id":"https:\/\/somosalpu.org\/index.php\/mesa-urbana-situacion-urbana\/#primaryimage","url":"https:\/\/somosalpu.org\/wp-content\/uploads\/2025\/08\/Evento2.png","contentUrl":"https:\/\/somosalpu.org\/wp-content\/uploads\/2025\/08\/Evento2.png","width":479,"height":265},{"@type":"BreadcrumbList","@id":"https:\/\/somosalpu.org\/index.php\/mesa-urbana-situacion-urbana\/#breadcrumb","itemListElement":[{"@type":"ListItem","position":1,"name":"Portada","item":"https:\/\/somosalpu.org\/"},{"@type":"ListItem","position":2,"name":"Mesa Urbana Situaci\u00f3n urbana"}]},{"@type":"WebSite","@id":"https:\/\/somosalpu.org\/#website","url":"https:\/\/somosalpu.org\/","name":"Somos Alpu","description":"","publisher":{"@id":"https:\/\/somosalpu.org\/#organization"},"potentialAction":[{"@type":"SearchAction","target":{"@type":"EntryPoint","urlTemplate":"https:\/\/somosalpu.org\/?s={search_term_string}"},"query-input":{"@type":"PropertyValueSpecification","valueRequired":true,"valueName":"search_term_string"}}],"inLanguage":"es"},{"@type":"Organization","@id":"https:\/\/somosalpu.org\/#organization","name":"Somos Alpu","url":"https:\/\/somosalpu.org\/","logo":{"@type":"ImageObject","inLanguage":"es","@id":"https:\/\/somosalpu.org\/#\/schema\/logo\/image\/","url":"https:\/\/somosalpu.org\/wp-content\/uploads\/2025\/07\/ALPU_Logo_blanco.png","contentUrl":"https:\/\/somosalpu.org\/wp-content\/uploads\/2025\/07\/ALPU_Logo_blanco.png","width":296,"height":288,"caption":"Somos Alpu"},"image":{"@id":"https:\/\/somosalpu.org\/#\/schema\/logo\/image\/"}}]}},"_links":{"self":[{"href":"https:\/\/somosalpu.org\/index.php\/wp-json\/wp\/v2\/pages\/581","targetHints":{"allow":["GET"]}}],"collection":[{"href":"https:\/\/somosalpu.org\/index.php\/wp-json\/wp\/v2\/pages"}],"about":[{"href":"https:\/\/somosalpu.org\/index.php\/wp-json\/wp\/v2\/types\/page"}],"author":[{"embeddable":true,"href":"https:\/\/somosalpu.org\/index.php\/wp-json\/wp\/v2\/users\/1"}],"replies":[{"embeddable":true,"href":"https:\/\/somosalpu.org\/index.php\/wp-json\/wp\/v2\/comments?post=581"}],"version-history":[{"count":13,"href":"https:\/\/somosalpu.org\/index.php\/wp-json\/wp\/v2\/pages\/581\/revisions"}],"predecessor-version":[{"id":1269,"href":"https:\/\/somosalpu.org\/index.php\/wp-json\/wp\/v2\/pages\/581\/revisions\/1269"}],"wp:attachment":[{"href":"https:\/\/somosalpu.org\/index.php\/wp-json\/wp\/v2\/media?parent=581"}],"curies":[{"name":"wp","href":"https:\/\/api.w.org\/{rel}","templated":true}]}}